{"id":19,"date":"2025-09-26T15:36:58","date_gmt":"2025-09-26T15:36:58","guid":{"rendered":"https:\/\/sola.kau.se\/truman\/?page_id=19"},"modified":"2026-02-23T16:16:33","modified_gmt":"2026-02-23T16:16:33","slug":"truman-consortium","status":"publish","type":"page","link":"https:\/\/truman-horizon.eu\/?page_id=19","title":{"rendered":"Consortium"},"content":{"rendered":"\n<figure class=\"wp-block-image alignwide size-large\"><img loading=\"lazy\" decoding=\"async\" width=\"4000\" height=\"3110\" src=\"https:\/\/truman-horizon.eu\/wp-content\/uploads\/2026\/02\/PartnerMap-4000x3110.png\" alt=\"\" class=\"wp-image-372\" srcset=\"https:\/\/truman-horizon.eu\/wp-content\/uploads\/2026\/02\/PartnerMap-4000x3110.png 4000w, https:\/\/truman-horizon.eu\/wp-content\/uploads\/2026\/02\/PartnerMap-300x233.png 300w, https:\/\/truman-horizon.eu\/wp-content\/uploads\/2026\/02\/PartnerMap-768x597.png 768w, https:\/\/truman-horizon.eu\/wp-content\/uploads\/2026\/02\/PartnerMap-1536x1194.png 1536w, https:\/\/truman-horizon.eu\/wp-content\/uploads\/2026\/02\/PartnerMap-2048x1592.png 2048w\" sizes=\"auto, (max-width: 4000px) 100vw, 4000px\" \/><\/figure>\n\n\n\n<div style=\"height:100px\" aria-hidden=\"true\" class=\"wp-block-spacer\"><\/div>\n\n\n\n<div class=\"wp-block-group alignfull is-layout-grid wp-container-core-group-is-layout-1ebaf686 wp-block-group-is-layout-grid\">\n<blockquote class=\"wp-block-quote alignwide is-style-default has-border-color has-custom-light-back-border-color has-custom-color-2-background-color has-background is-layout-flow wp-block-quote-is-layout-flow\" style=\"border-width:1px\">\n<div class=\"wp-block-columns is-layout-flex wp-container-core-columns-is-layout-28f84493 wp-block-columns-is-layout-flex\">\n<div class=\"wp-block-column is-layout-flow wp-block-column-is-layout-flow\" style=\"flex-basis:50%\">\n<div class=\"wp-block-group is-nowrap is-layout-flex wp-container-core-group-is-layout-6c531013 wp-block-group-is-layout-flex\">\n<blockquote class=\"wp-block-quote is-layout-flow wp-block-quote-is-layout-flow\">\n<figure class=\"wp-block-image aligncenter is-resized\"><a href=\"https:\/\/www.eurecom.fr\/\"><img loading=\"lazy\" decoding=\"async\" width=\"793\" height=\"380\" src=\"https:\/\/truman-horizon.eu\/wp-content\/uploads\/2025\/11\/Eurecom.png\" alt=\"\" class=\"wp-image-189\" style=\"width:307px;height:auto\" srcset=\"https:\/\/truman-horizon.eu\/wp-content\/uploads\/2025\/11\/Eurecom.png 793w, https:\/\/truman-horizon.eu\/wp-content\/uploads\/2025\/11\/Eurecom-300x144.png 300w, https:\/\/truman-horizon.eu\/wp-content\/uploads\/2025\/11\/Eurecom-768x368.png 768w\" sizes=\"auto, (max-width: 793px) 100vw, 793px\" \/><\/a><\/figure>\n<\/blockquote>\n<\/div>\n<\/div>\n\n\n\n<div class=\"wp-block-column is-layout-flow wp-block-column-is-layout-flow\"><\/div>\n\n\n\n<div class=\"wp-block-column is-layout-flow wp-block-column-is-layout-flow\"><\/div>\n\n\n\n<div class=\"wp-block-column is-vertically-aligned-center is-layout-flow wp-block-column-is-layout-flow\" style=\"flex-basis:50%\">\n<p class=\"has-text-align-left has-body-font-family has-large-font-size\" style=\"font-style:normal;font-weight:500;text-decoration:none\"><a href=\"https:\/\/www.eurecom.fr\/\">EURECOM GIE<\/a><\/p>\n<\/div>\n<\/div>\n<\/blockquote>\n\n\n\n<blockquote class=\"wp-block-quote alignwide is-style-default has-border-color has-custom-light-back-border-color has-custom-color-2-background-color has-background is-layout-flow wp-block-quote-is-layout-flow\" style=\"border-width:1px\">\n<div class=\"wp-block-columns are-vertically-aligned-center is-layout-flex wp-container-core-columns-is-layout-28f84493 wp-block-columns-is-layout-flex\">\n<div class=\"wp-block-column is-vertically-aligned-center is-layout-flow wp-block-column-is-layout-flow\" style=\"flex-basis:50%\">\n<div class=\"wp-block-group is-nowrap is-layout-flex wp-container-core-group-is-layout-6c531013 wp-block-group-is-layout-flex\">\n<blockquote class=\"wp-block-quote is-layout-flow wp-block-quote-is-layout-flow\">\n<figure class=\"wp-block-image size-full is-resized\"><img loading=\"lazy\" decoding=\"async\" width=\"1200\" height=\"667\" src=\"https:\/\/truman-horizon.eu\/wp-content\/uploads\/2026\/02\/ipsos-doxa-logo-website.png\" alt=\"\" class=\"wp-image-375\" style=\"width:303px;height:auto\" srcset=\"https:\/\/truman-horizon.eu\/wp-content\/uploads\/2026\/02\/ipsos-doxa-logo-website.png 1200w, https:\/\/truman-horizon.eu\/wp-content\/uploads\/2026\/02\/ipsos-doxa-logo-website-300x167.png 300w, https:\/\/truman-horizon.eu\/wp-content\/uploads\/2026\/02\/ipsos-doxa-logo-website-768x427.png 768w\" sizes=\"auto, (max-width: 1200px) 100vw, 1200px\" \/><\/figure>\n<\/blockquote>\n<\/div>\n<\/div>\n\n\n\n<div class=\"wp-block-column is-vertically-aligned-center is-layout-flow wp-block-column-is-layout-flow\" style=\"flex-basis:50%\">\n<p class=\"has-text-align-center has-body-font-family has-large-font-size\" style=\"font-style:normal;font-weight:500;text-decoration:none\"><a href=\"https:\/\/www.bva-doxa.com\/\">Doxa SPA<\/a><\/p>\n<\/div>\n<\/div>\n<\/blockquote>\n\n\n\n<blockquote class=\"wp-block-quote alignwide is-style-default has-border-color has-custom-light-back-border-color has-custom-color-2-background-color has-background is-layout-flow wp-block-quote-is-layout-flow\" style=\"border-width:1px\">\n<div class=\"wp-block-columns are-vertically-aligned-center is-layout-flex wp-container-core-columns-is-layout-28f84493 wp-block-columns-is-layout-flex\">\n<div class=\"wp-block-column is-vertically-aligned-center is-layout-flow wp-block-column-is-layout-flow\" style=\"flex-basis:50%\">\n<div class=\"wp-block-group is-nowrap is-layout-flex wp-container-core-group-is-layout-6c531013 wp-block-group-is-layout-flex\">\n<blockquote class=\"wp-block-quote is-layout-flow wp-block-quote-is-layout-flow\">\n<figure class=\"wp-block-image size-full is-resized\"><a href=\"https:\/\/research.ibm.com\/labs\/israel\"><img loading=\"lazy\" decoding=\"async\" width=\"200\" height=\"133\" src=\"https:\/\/truman-horizon.eu\/wp-content\/uploads\/2025\/11\/IBM.jpg\" alt=\"\" class=\"wp-image-190\" style=\"width:304px;height:auto\"\/><\/a><\/figure>\n<\/blockquote>\n<\/div>\n<\/div>\n\n\n\n<div class=\"wp-block-column is-vertically-aligned-center is-layout-flow wp-block-column-is-layout-flow\" style=\"flex-basis:50%\">\n<p class=\"has-text-align-center has-body-font-family has-large-font-size\" style=\"font-style:normal;font-weight:500;text-decoration:none\"><a href=\"https:\/\/research.ibm.com\/labs\/israel\">IBM ISRAEL<\/a><\/p>\n<\/div>\n<\/div>\n<\/blockquote>\n\n\n\n<blockquote class=\"wp-block-quote alignwide is-style-default has-border-color has-custom-light-back-border-color has-custom-color-2-background-color has-background is-layout-flow wp-block-quote-is-layout-flow\" style=\"border-width:1px\">\n<div class=\"wp-block-columns is-layout-flex wp-container-core-columns-is-layout-28f84493 wp-block-columns-is-layout-flex\">\n<div class=\"wp-block-column is-layout-flow wp-block-column-is-layout-flow\" style=\"flex-basis:50%\">\n<div class=\"wp-block-group is-nowrap is-layout-flex wp-container-core-group-is-layout-6c531013 wp-block-group-is-layout-flex\">\n<blockquote class=\"wp-block-quote is-layout-flow wp-block-quote-is-layout-flow\">\n<figure class=\"wp-block-image size-full is-resized\"><a href=\"https:\/\/www.kau.se\/\"><img loading=\"lazy\" decoding=\"async\" width=\"200\" height=\"200\" src=\"https:\/\/truman-horizon.eu\/wp-content\/uploads\/2025\/11\/KAU.jpg\" alt=\"\" class=\"wp-image-191\" style=\"width:120px;height:auto\" srcset=\"https:\/\/truman-horizon.eu\/wp-content\/uploads\/2025\/11\/KAU.jpg 200w, https:\/\/truman-horizon.eu\/wp-content\/uploads\/2025\/11\/KAU-150x150.jpg 150w\" sizes=\"auto, (max-width: 200px) 100vw, 200px\" \/><\/a><\/figure>\n<\/blockquote>\n<\/div>\n<\/div>\n\n\n\n<div class=\"wp-block-column is-vertically-aligned-center is-layout-flow wp-block-column-is-layout-flow\" style=\"flex-basis:50%\">\n<p class=\"has-text-align-left has-body-font-family has-large-font-size\" style=\"font-style:normal;font-weight:500;text-decoration:none\"><strong><a href=\"https:\/\/www.kau.se\/\"><\/a><\/strong><a href=\"https:\/\/www.kau.se\">Karlstads Universitet<\/a><\/p>\n<\/div>\n<\/div>\n<\/blockquote>\n\n\n\n<blockquote class=\"wp-block-quote alignwide is-style-default has-border-color has-custom-light-back-border-color has-custom-color-2-background-color has-background is-layout-flow wp-block-quote-is-layout-flow\" style=\"border-width:1px\">\n<div class=\"wp-block-columns is-layout-flex wp-container-core-columns-is-layout-28f84493 wp-block-columns-is-layout-flex\">\n<div class=\"wp-block-column is-layout-flow wp-block-column-is-layout-flow\" style=\"flex-basis:50%\">\n<div class=\"wp-block-group is-nowrap is-layout-flex wp-container-core-group-is-layout-6c531013 wp-block-group-is-layout-flex\">\n<blockquote class=\"wp-block-quote is-layout-flow wp-block-quote-is-layout-flow\">\n<figure class=\"wp-block-image size-full is-resized\"><a href=\"https:\/\/www.symantec.fr\/\"><img loading=\"lazy\" decoding=\"async\" width=\"348\" height=\"201\" src=\"https:\/\/truman-horizon.eu\/wp-content\/uploads\/2025\/11\/Gen.png\" alt=\"\" class=\"wp-image-192\" style=\"width:322px;height:auto\" srcset=\"https:\/\/truman-horizon.eu\/wp-content\/uploads\/2025\/11\/Gen.png 348w, https:\/\/truman-horizon.eu\/wp-content\/uploads\/2025\/11\/Gen-300x173.png 300w\" sizes=\"auto, (max-width: 348px) 100vw, 348px\" \/><\/a><\/figure>\n<\/blockquote>\n<\/div>\n<\/div>\n\n\n\n<div class=\"wp-block-column is-layout-flow wp-block-column-is-layout-flow\"><\/div>\n\n\n\n<div class=\"wp-block-column is-layout-flow wp-block-column-is-layout-flow\"><\/div>\n\n\n\n<div class=\"wp-block-column is-vertically-aligned-center is-layout-flow wp-block-column-is-layout-flow\" style=\"flex-basis:50%\">\n<p class=\"has-text-align-left has-body-font-family has-large-font-size\" style=\"font-style:normal;font-weight:500;text-decoration:none\"><strong><a href=\"https:\/\/www.symantec.fr\/\"><\/a><\/strong><a href=\"https:\/\/www.gendigital.com\/us\/en\/\">Norton LifeLock France<\/a><\/p>\n<\/div>\n<\/div>\n<\/blockquote>\n\n\n\n<blockquote class=\"wp-block-quote alignwide is-style-default has-border-color has-custom-light-back-border-color has-custom-color-2-background-color has-background is-layout-flow wp-block-quote-is-layout-flow\" style=\"border-width:1px\">\n<div class=\"wp-block-columns is-layout-flex wp-container-core-columns-is-layout-28f84493 wp-block-columns-is-layout-flex\">\n<div class=\"wp-block-column is-layout-flow wp-block-column-is-layout-flow\" style=\"flex-basis:50%\">\n<div class=\"wp-block-group is-nowrap is-layout-flex wp-container-core-group-is-layout-6c531013 wp-block-group-is-layout-flex\">\n<blockquote class=\"wp-block-quote is-layout-flow wp-block-quote-is-layout-flow\">\n<figure class=\"wp-block-image size-full is-resized\"><a href=\"https:\/\/www.ouc.ac.cy\/\"><img loading=\"lazy\" decoding=\"async\" width=\"350\" height=\"155\" src=\"https:\/\/truman-horizon.eu\/wp-content\/uploads\/2025\/11\/OUC.png\" alt=\"\" class=\"wp-image-193\" style=\"width:322px;height:auto\" srcset=\"https:\/\/truman-horizon.eu\/wp-content\/uploads\/2025\/11\/OUC.png 350w, https:\/\/truman-horizon.eu\/wp-content\/uploads\/2025\/11\/OUC-300x133.png 300w\" sizes=\"auto, (max-width: 350px) 100vw, 350px\" \/><\/a><\/figure>\n<\/blockquote>\n<\/div>\n<\/div>\n\n\n\n<div class=\"wp-block-column is-layout-flow wp-block-column-is-layout-flow\"><\/div>\n\n\n\n<div class=\"wp-block-column is-layout-flow wp-block-column-is-layout-flow\"><\/div>\n\n\n\n<div class=\"wp-block-column is-vertically-aligned-center is-layout-flow wp-block-column-is-layout-flow\" style=\"flex-basis:50%\">\n<p class=\"has-text-align-left has-body-font-family has-large-font-size\" style=\"font-style:normal;font-weight:500;text-decoration:none\"><strong><a href=\"https:\/\/www.ouc.ac.cy\/\"><\/a><\/strong><a href=\"https:\/\/www.ouc.ac.cy\/\">Open University of Cyprus<\/a><\/p>\n<\/div>\n<\/div>\n<\/blockquote>\n\n\n\n<blockquote class=\"wp-block-quote alignwide is-style-default has-border-color has-custom-light-back-border-color has-custom-color-2-background-color has-background is-layout-flow wp-block-quote-is-layout-flow\" style=\"border-width:1px\">\n<div class=\"wp-block-columns is-layout-flex wp-container-core-columns-is-layout-28f84493 wp-block-columns-is-layout-flex\">\n<div class=\"wp-block-column is-layout-flow wp-block-column-is-layout-flow\" style=\"flex-basis:50%\">\n<div class=\"wp-block-group is-nowrap is-layout-flex wp-container-core-group-is-layout-6c531013 wp-block-group-is-layout-flex\">\n<blockquote class=\"wp-block-quote is-layout-flow wp-block-quote-is-layout-flow\">\n<figure class=\"wp-block-image size-full is-resized\"><a href=\"https:\/\/www.pdneurotechnology.com\/\"><img loading=\"lazy\" decoding=\"async\" width=\"1110\" height=\"510\" src=\"https:\/\/truman-horizon.eu\/wp-content\/uploads\/2025\/11\/PD.jpg\" alt=\"\" class=\"wp-image-194\" style=\"width:320px;height:auto\" srcset=\"https:\/\/truman-horizon.eu\/wp-content\/uploads\/2025\/11\/PD.jpg 1110w, https:\/\/truman-horizon.eu\/wp-content\/uploads\/2025\/11\/PD-300x138.jpg 300w, https:\/\/truman-horizon.eu\/wp-content\/uploads\/2025\/11\/PD-768x353.jpg 768w\" sizes=\"auto, (max-width: 1110px) 100vw, 1110px\" \/><\/a><\/figure>\n<\/blockquote>\n<\/div>\n<\/div>\n\n\n\n<div class=\"wp-block-column is-layout-flow wp-block-column-is-layout-flow\"><\/div>\n\n\n\n<div class=\"wp-block-column is-layout-flow wp-block-column-is-layout-flow\"><\/div>\n\n\n\n<div class=\"wp-block-column is-vertically-aligned-center is-layout-flow wp-block-column-is-layout-flow\" style=\"flex-basis:50%\">\n<p class=\"has-text-align-left has-body-font-family has-large-font-size\" style=\"font-style:normal;font-weight:500;text-decoration:none\"><strong><a href=\"https:\/\/www.pdneurotechnology.com\/\"><\/a><\/strong><a href=\"https:\/\/www.pdneurotechnology.com\/\">PD Neurotechnology LTD<\/a><\/p>\n<\/div>\n<\/div>\n<\/blockquote>\n\n\n\n<blockquote class=\"wp-block-quote alignwide is-style-default has-border-color has-custom-light-back-border-color has-custom-color-2-background-color has-background is-layout-flow wp-block-quote-is-layout-flow\" style=\"border-width:1px\">\n<div class=\"wp-block-columns is-layout-flex wp-container-core-columns-is-layout-28f84493 wp-block-columns-is-layout-flex\">\n<div class=\"wp-block-column is-layout-flow wp-block-column-is-layout-flow\" style=\"flex-basis:50%\">\n<div class=\"wp-block-group is-nowrap is-layout-flex wp-container-core-group-is-layout-6c531013 wp-block-group-is-layout-flex\">\n<blockquote class=\"wp-block-quote is-layout-flow wp-block-quote-is-layout-flow\">\n<figure class=\"wp-block-image size-full is-resized\"><a href=\"https:\/\/www.unitn.it\/\"><img loading=\"lazy\" decoding=\"async\" width=\"1110\" height=\"344\" src=\"https:\/\/truman-horizon.eu\/wp-content\/uploads\/2025\/11\/UTRENTO.png\" alt=\"\" class=\"wp-image-195\" style=\"width:368px;height:auto\" srcset=\"https:\/\/truman-horizon.eu\/wp-content\/uploads\/2025\/11\/UTRENTO.png 1110w, https:\/\/truman-horizon.eu\/wp-content\/uploads\/2025\/11\/UTRENTO-300x93.png 300w, https:\/\/truman-horizon.eu\/wp-content\/uploads\/2025\/11\/UTRENTO-768x238.png 768w\" sizes=\"auto, (max-width: 1110px) 100vw, 1110px\" \/><\/a><\/figure>\n<\/blockquote>\n<\/div>\n<\/div>\n\n\n\n<div class=\"wp-block-column is-layout-flow wp-block-column-is-layout-flow\"><\/div>\n\n\n\n<div class=\"wp-block-column is-layout-flow wp-block-column-is-layout-flow\"><\/div>\n\n\n\n<div class=\"wp-block-column is-vertically-aligned-center is-layout-flow wp-block-column-is-layout-flow\" style=\"flex-basis:50%\">\n<p class=\"has-text-align-left has-body-font-family has-large-font-size\" style=\"font-style:normal;font-weight:500;text-decoration:none\"><strong><a href=\"https:\/\/www.unitn.it\/\"><\/a><\/strong><a href=\"https:\/\/www.unitn.it\/\">Universita degli Studi di Trento<\/a><\/p>\n<\/div>\n<\/div>\n<\/blockquote>\n\n\n\n<blockquote class=\"wp-block-quote alignwide is-style-default has-border-color has-custom-light-back-border-color has-custom-color-2-background-color has-background is-layout-flow wp-block-quote-is-layout-flow\" style=\"border-width:1px\">\n<div class=\"wp-block-columns is-layout-flex wp-container-core-columns-is-layout-28f84493 wp-block-columns-is-layout-flex\">\n<div class=\"wp-block-column is-layout-flow wp-block-column-is-layout-flow\" style=\"flex-basis:50%\">\n<div class=\"wp-block-group is-nowrap is-layout-flex wp-container-core-group-is-layout-6c531013 wp-block-group-is-layout-flex\">\n<blockquote class=\"wp-block-quote is-layout-flow wp-block-quote-is-layout-flow\">\n<figure class=\"wp-block-image size-full is-resized\"><a href=\"https:\/\/www.datenschutzzentrum.de\/\"><img loading=\"lazy\" decoding=\"async\" width=\"695\" height=\"341\" src=\"https:\/\/truman-horizon.eu\/wp-content\/uploads\/2025\/11\/ULD-LogoText.jpg\" alt=\"\" class=\"wp-image-201\" style=\"width:367px;height:auto\" srcset=\"https:\/\/truman-horizon.eu\/wp-content\/uploads\/2025\/11\/ULD-LogoText.jpg 695w, https:\/\/truman-horizon.eu\/wp-content\/uploads\/2025\/11\/ULD-LogoText-300x147.jpg 300w\" sizes=\"auto, (max-width: 695px) 100vw, 695px\" \/><\/a><\/figure>\n<\/blockquote>\n<\/div>\n<\/div>\n\n\n\n<div class=\"wp-block-column is-layout-flow wp-block-column-is-layout-flow\"><\/div>\n\n\n\n<div class=\"wp-block-column is-layout-flow wp-block-column-is-layout-flow\"><\/div>\n\n\n\n<div class=\"wp-block-column is-vertically-aligned-center is-layout-flow wp-block-column-is-layout-flow\" style=\"flex-basis:50%\">\n<p class=\"has-text-align-left has-body-font-family has-large-font-size\" style=\"font-style:normal;font-weight:500;text-decoration:none\"><strong><a href=\"https:\/\/www.datenschutzzentrum.de\/\"><\/a><\/strong><a href=\"https:\/\/www.datenschutzzentrum.de\/\">Unabh\u00e4ngiges Landeszentrum f\u00fcr Datenschutz<\/a><\/p>\n<\/div>\n<\/div>\n<\/blockquote>\n\n\n\n<blockquote class=\"wp-block-quote alignwide is-style-default has-border-color has-custom-light-back-border-color has-custom-color-2-background-color has-background is-layout-flow wp-block-quote-is-layout-flow\" style=\"border-width:1px\">\n<div class=\"wp-block-columns is-layout-flex wp-container-core-columns-is-layout-28f84493 wp-block-columns-is-layout-flex\">\n<div class=\"wp-block-column is-layout-flow wp-block-column-is-layout-flow\" style=\"flex-basis:50%\">\n<div class=\"wp-block-group is-nowrap is-layout-flex wp-container-core-group-is-layout-6c531013 wp-block-group-is-layout-flex\">\n<blockquote class=\"wp-block-quote is-layout-flow wp-block-quote-is-layout-flow\">\n<figure class=\"wp-block-image size-full is-resized\"><a href=\"https:\/\/www.utwente.nl\/\"><img loading=\"lazy\" decoding=\"async\" width=\"500\" height=\"250\" src=\"https:\/\/truman-horizon.eu\/wp-content\/uploads\/2025\/11\/UTWENTE.png\" alt=\"\" class=\"wp-image-196\" style=\"width:363px;height:auto\" srcset=\"https:\/\/truman-horizon.eu\/wp-content\/uploads\/2025\/11\/UTWENTE.png 500w, https:\/\/truman-horizon.eu\/wp-content\/uploads\/2025\/11\/UTWENTE-300x150.png 300w\" sizes=\"auto, (max-width: 500px) 100vw, 500px\" \/><\/a><\/figure>\n<\/blockquote>\n<\/div>\n<\/div>\n\n\n\n<div class=\"wp-block-column is-layout-flow wp-block-column-is-layout-flow\"><\/div>\n\n\n\n<div class=\"wp-block-column is-layout-flow wp-block-column-is-layout-flow\"><\/div>\n\n\n\n<div class=\"wp-block-column is-vertically-aligned-center is-layout-flow wp-block-column-is-layout-flow\" style=\"flex-basis:50%\">\n<p class=\"has-text-align-left has-body-font-family has-large-font-size\" style=\"font-style:normal;font-weight:500;text-decoration:none\"><strong><a href=\"https:\/\/www.utwente.nl\/\"><\/a><\/strong><a href=\"https:\/\/www.utwente.nl\/\">Universiteit Twente<\/a><\/p>\n<\/div>\n<\/div>\n<\/blockquote>\n\n\n\n<blockquote class=\"wp-block-quote alignwide is-style-default has-border-color has-custom-light-back-border-color has-custom-color-2-background-color has-background is-layout-flow wp-block-quote-is-layout-flow\" style=\"border-width:1px\">\n<div class=\"wp-block-columns is-layout-flex wp-container-core-columns-is-layout-28f84493 wp-block-columns-is-layout-flex\">\n<div class=\"wp-block-column is-layout-flow wp-block-column-is-layout-flow\" style=\"flex-basis:50%\">\n<div class=\"wp-block-group is-content-justification-left is-nowrap is-layout-flex wp-container-core-group-is-layout-fc9f69e7 wp-block-group-is-layout-flex\">\n<blockquote class=\"wp-block-quote is-layout-flow wp-block-quote-is-layout-flow\">\n<figure class=\"wp-block-image size-full is-resized\"><a href=\"https:\/\/www.ykteknoloji.com.tr\/\"><img loading=\"lazy\" decoding=\"async\" width=\"491\" height=\"210\" src=\"https:\/\/truman-horizon.eu\/wp-content\/uploads\/2025\/11\/YAPIKREDI-1.jpg\" alt=\"\" class=\"wp-image-199\" style=\"width:359px;height:auto\" srcset=\"https:\/\/truman-horizon.eu\/wp-content\/uploads\/2025\/11\/YAPIKREDI-1.jpg 491w, https:\/\/truman-horizon.eu\/wp-content\/uploads\/2025\/11\/YAPIKREDI-1-300x128.jpg 300w\" sizes=\"auto, (max-width: 491px) 100vw, 491px\" \/><\/a><\/figure>\n<\/blockquote>\n<\/div>\n<\/div>\n\n\n\n<div class=\"wp-block-column is-layout-flow wp-block-column-is-layout-flow\"><\/div>\n\n\n\n<div class=\"wp-block-column is-layout-flow wp-block-column-is-layout-flow\"><\/div>\n\n\n\n<div class=\"wp-block-column is-vertically-aligned-center is-layout-flow wp-block-column-is-layout-flow\" style=\"flex-basis:50%\">\n<p class=\"has-text-align-left has-body-font-family has-large-font-size\" style=\"font-style:normal;font-weight:500;text-decoration:none\"><strong><a href=\"https:\/\/www.ykteknoloji.com.tr\/\"><\/a><\/strong><a href=\"https:\/\/www.ykteknoloji.com.tr\/\">Yap\u0131 Kredi Teknoloji Anonim \u015eirketi<\/a><\/p>\n<\/div>\n<\/div>\n<\/blockquote>\n<\/div>\n\n\n\n<p><\/p>\n\n\n\n<p><\/p>\n","protected":false},"excerpt":{"rendered":"<p>EURECOM GIE Doxa SPA IBM ISRAEL Karlstads Universitet Norton LifeLock France Open University of Cyprus PD Neurotechnology LTD Universita degli Studi di Trento Unabh\u00e4ngiges Landeszentrum f\u00fcr Datenschutz Universiteit Twente Yap\u0131 Kredi Teknoloji Anonim \u015eirketi<\/p>\n","protected":false},"author":2,"featured_media":0,"parent":0,"menu_order":0,"comment_status":"closed","ping_status":"closed","template":"","meta":{"footnotes":""},"class_list":["post-19","page","type-page","status-publish","hentry"],"_links":{"self":[{"href":"https:\/\/truman-horizon.eu\/index.php?rest_route=\/wp\/v2\/pages\/19","targetHints":{"allow":["GET"]}}],"collection":[{"href":"https:\/\/truman-horizon.eu\/index.php?rest_route=\/wp\/v2\/pages"}],"about":[{"href":"https:\/\/truman-horizon.eu\/index.php?rest_route=\/wp\/v2\/types\/page"}],"author":[{"embeddable":true,"href":"https:\/\/truman-horizon.eu\/index.php?rest_route=\/wp\/v2\/users\/2"}],"replies":[{"embeddable":true,"href":"https:\/\/truman-horizon.eu\/index.php?rest_route=%2Fwp%2Fv2%2Fcomments&post=19"}],"version-history":[{"count":16,"href":"https:\/\/truman-horizon.eu\/index.php?rest_route=\/wp\/v2\/pages\/19\/revisions"}],"predecessor-version":[{"id":377,"href":"https:\/\/truman-horizon.eu\/index.php?rest_route=\/wp\/v2\/pages\/19\/revisions\/377"}],"wp:attachment":[{"href":"https:\/\/truman-horizon.eu\/index.php?rest_route=%2Fwp%2Fv2%2Fmedia&parent=19"}],"curies":[{"name":"wp","href":"https:\/\/api.w.org\/{rel}","templated":true}]}}